{"id":2346,"date":"2025-02-03T16:24:44","date_gmt":"2025-02-03T16:24:44","guid":{"rendered":"https:\/\/www.gpigroup.eu\/?page_id=2346"},"modified":"2025-07-08T13:54:31","modified_gmt":"2025-07-08T13:54:31","slug":"palettizzatori","status":"publish","type":"page","link":"https:\/\/www.gpigroup.eu\/index.php\/palettizzatori\/","title":{"rendered":"Palettizzatori"},"content":{"rendered":"\t\t<div data-elementor-type=\"wp-page\" data-elementor-id=\"2346\" class=\"elementor elementor-2346\" data-elementor-post-type=\"page\">\n\t\t\t\t<div class=\"elementor-element elementor-element-c14bfc9 e-flex e-con-boxed e-con e-parent\" data-id=\"c14bfc9\" data-element_type=\"container\" data-settings=\"{&quot;background_background&quot;:&quot;classic&quot;}\">\n\t\t\t\t\t<div class=\"e-con-inner\">\n\t\t<div class=\"elementor-element elementor-element-e96f5fc e-con-full e-flex e-con e-child\" data-id=\"e96f5fc\" data-element_type=\"container\">\n\t\t<div class=\"elementor-element elementor-element-5b21b4e e-con-full e-flex e-con e-child\" data-id=\"5b21b4e\" data-element_type=\"container\">\n\t\t\t\t<div class=\"elementor-element elementor-element-7ed39f9 elementor-icon-list--layout-traditional elementor-list-item-link-full_width elementor-invisible elementor-widget elementor-widget-icon-list\" data-id=\"7ed39f9\" data-element_type=\"widget\" data-settings=\"{&quot;_animation&quot;:&quot;fadeInRight&quot;}\" data-widget_type=\"icon-list.default\">\n\t\t\t\t<div class=\"elementor-widget-container\">\n\t\t\t\t\t\t\t<ul class=\"elementor-icon-list-items\">\n\t\t\t\t\t\t\t<li class=\"elementor-icon-list-item\">\n\t\t\t\t\t\t\t\t\t\t\t<span class=\"elementor-icon-list-icon\">\n\t\t\t\t\t\t\t<svg aria-hidden=\"true\" class=\"e-font-icon-svg e-fas-dot-circle\" viewBox=\"0 0 512 512\" xmlns=\"http:\/\/www.w3.org\/2000\/svg\"><path d=\"M256 8C119.033 8 8 119.033 8 256s111.033 248 248 248 248-111.033 248-248S392.967 8 256 8zm80 248c0 44.112-35.888 80-80 80s-80-35.888-80-80 35.888-80 80-80 80 35.888 80 80z\"><\/path><\/svg>\t\t\t\t\t\t<\/span>\n\t\t\t\t\t\t\t\t\t\t<span class=\"elementor-icon-list-text\">Soluzioni GPI<\/span>\n\t\t\t\t\t\t\t\t\t<\/li>\n\t\t\t\t\t\t<\/ul>\n\t\t\t\t\t\t<\/div>\n\t\t\t\t<\/div>\n\t\t\t\t<div class=\"elementor-element elementor-element-2fa1821 elementor-invisible elementor-widget elementor-widget-heading\" data-id=\"2fa1821\" data-element_type=\"widget\" data-settings=\"{&quot;_animation&quot;:&quot;fadeInUp&quot;}\" data-widget_type=\"heading.default\">\n\t\t\t\t<div class=\"elementor-widget-container\">\n\t\t\t\t\t<h2 class=\"elementor-heading-title elementor-size-default\">Pallettizzatori<\/h2>\t\t\t\t<\/div>\n\t\t\t\t<\/div>\n\t\t\t\t<\/div>\n\t\t<div class=\"elementor-element elementor-element-05589ca e-con-full elementor-hidden-mobile elementor-hidden-tablet e-flex e-con e-child\" data-id=\"05589ca\" data-element_type=\"container\">\n\t\t\t\t<\/div>\n\t\t\t\t<\/div>\n\t\t\t\t\t<\/div>\n\t\t\t\t<\/div>\n\t\t<div class=\"elementor-element elementor-element-165bf51 e-flex e-con-boxed e-con e-parent\" data-id=\"165bf51\" data-element_type=\"container\" data-settings=\"{&quot;background_background&quot;:&quot;classic&quot;}\">\n\t\t\t\t\t<div class=\"e-con-inner\">\n\t\t<div class=\"elementor-element elementor-element-7c00495 e-con-full e-flex e-con e-child\" data-id=\"7c00495\" data-element_type=\"container\">\n\t\t<div class=\"elementor-element elementor-element-fb30481 e-con-full e-flex e-con e-child\" data-id=\"fb30481\" data-element_type=\"container\">\n\t\t\t\t<div class=\"elementor-element elementor-element-e76ce2c elementor-invisible elementor-widget elementor-widget-heading\" data-id=\"e76ce2c\" data-element_type=\"widget\" data-settings=\"{&quot;_animation&quot;:&quot;fadeInUp&quot;}\" data-widget_type=\"heading.default\">\n\t\t\t\t<div class=\"elementor-widget-container\">\n\t\t\t\t\t<h2 class=\"elementor-heading-title elementor-size-default\">Le soluzioni automatiche di pallettizzazione GPI<\/h2>\t\t\t\t<\/div>\n\t\t\t\t<\/div>\n\t\t\t\t<\/div>\n\t\t<div class=\"elementor-element elementor-element-d99c698 e-con-full e-flex e-con e-child\" data-id=\"d99c698\" data-element_type=\"container\">\n\t\t\t\t<div class=\"elementor-element elementor-element-b601351 elementor-invisible elementor-widget elementor-widget-text-editor\" data-id=\"b601351\" data-element_type=\"widget\" data-settings=\"{&quot;_animation&quot;:&quot;fadeIn&quot;,&quot;_animation_delay&quot;:240}\" data-widget_type=\"text-editor.default\">\n\t\t\t\t<div class=\"elementor-widget-container\">\n\t\t\t\t\t\t\t\t\t<p>Ottimizza il tuo fine linea di pallettizzazione con le soluzioni GPI.\u00a0 Sistemi innovativi e altamente integrabili, progettati per rendere pi\u00f9 efficiente i tuoi processi di pallettizzazione e manipolazione.&#8221;<\/p>\t\t\t\t\t\t\t\t<\/div>\n\t\t\t\t<\/div>\n\t\t\t\t<div class=\"elementor-element elementor-element-8415bfd elementor-widget-divider--view-line elementor-invisible elementor-widget elementor-widget-divider\" data-id=\"8415bfd\" data-element_type=\"widget\" data-settings=\"{&quot;_animation&quot;:&quot;fadeInRight&quot;}\" data-widget_type=\"divider.default\">\n\t\t\t\t<div class=\"elementor-widget-container\">\n\t\t\t\t\t\t\t<div class=\"elementor-divider\">\n\t\t\t<span class=\"elementor-divider-separator\">\n\t\t\t\t\t\t<\/span>\n\t\t<\/div>\n\t\t\t\t\t\t<\/div>\n\t\t\t\t<\/div>\n\t\t\t\t<\/div>\n\t\t\t\t<\/div>\n\t\t<div class=\"elementor-element elementor-element-da82cda e-flex e-con-boxed e-con e-child\" data-id=\"da82cda\" data-element_type=\"container\">\n\t\t\t\t\t<div class=\"e-con-inner\">\n\t\t<div class=\"elementor-element elementor-element-52241d4 e-con-full e-flex elementor-invisible e-con e-child\" data-id=\"52241d4\" data-element_type=\"container\" data-settings=\"{&quot;background_background&quot;:&quot;classic&quot;,&quot;animation&quot;:&quot;fadeIn&quot;}\">\n\t\t<div class=\"elementor-element elementor-element-aa52510 e-con-full e-flex e-con e-child\" data-id=\"aa52510\" data-element_type=\"container\" data-settings=\"{&quot;background_background&quot;:&quot;classic&quot;}\">\n\t\t<div class=\"elementor-element elementor-element-2b6c75b e-con-full e-flex e-con e-child\" data-id=\"2b6c75b\" data-element_type=\"container\">\n\t\t\t\t<div class=\"elementor-element elementor-element-83f7700 elementor-widget__width-initial elementor-align-right elementor-widget elementor-widget-button\" data-id=\"83f7700\" data-element_type=\"widget\" data-widget_type=\"button.default\">\n\t\t\t\t<div class=\"elementor-widget-container\">\n\t\t\t\t\t\t\t\t\t<div class=\"elementor-button-wrapper\">\n\t\t\t\t\t<a class=\"elementor-button elementor-button-link elementor-size-sm elementor-animation-float\" href=\"https:\/\/www.gpigroup.eu\/index.php\/palettizzatori-cartesiani\/\">\n\t\t\t\t\t\t<span class=\"elementor-button-content-wrapper\">\n\t\t\t\t\t\t\t\t\t<span class=\"elementor-button-text\">Scopri di Pi\u00f9<\/span>\n\t\t\t\t\t<\/span>\n\t\t\t\t\t<\/a>\n\t\t\t\t<\/div>\n\t\t\t\t\t\t\t\t<\/div>\n\t\t\t\t<\/div>\n\t\t\t\t<\/div>\n\t\t<div class=\"elementor-element elementor-element-631ba39 e-con-full e-grid e-con e-child\" data-id=\"631ba39\" data-element_type=\"container\">\n\t\t\t\t<div class=\"elementor-element elementor-element-94fd8ee elementor-widget__width-initial elementor-widget elementor-widget-text-editor\" data-id=\"94fd8ee\" data-element_type=\"widget\" data-widget_type=\"text-editor.default\">\n\t\t\t\t<div class=\"elementor-widget-container\">\n\t\t\t\t\t\t\t\t\t<p><strong>PALLETTIZZATORI CARTESIANI<\/strong><\/p>\t\t\t\t\t\t\t\t<\/div>\n\t\t\t\t<\/div>\n\t\t\t\t<\/div>\n\t\t\t\t<\/div>\n\t\t\t\t<\/div>\n\t\t<div class=\"elementor-element elementor-element-41e4856 e-con-full e-flex elementor-invisible e-con e-child\" data-id=\"41e4856\" data-element_type=\"container\" data-settings=\"{&quot;background_background&quot;:&quot;classic&quot;,&quot;animation&quot;:&quot;fadeIn&quot;}\">\n\t\t<div class=\"elementor-element elementor-element-1095f02 e-con-full e-flex e-con e-child\" data-id=\"1095f02\" data-element_type=\"container\" data-settings=\"{&quot;background_background&quot;:&quot;classic&quot;}\">\n\t\t<div class=\"elementor-element elementor-element-1368439 e-con-full e-flex e-con e-child\" data-id=\"1368439\" data-element_type=\"container\">\n\t\t\t\t<div class=\"elementor-element elementor-element-5cb258b elementor-widget__width-initial elementor-align-right elementor-widget elementor-widget-button\" data-id=\"5cb258b\" data-element_type=\"widget\" data-widget_type=\"button.default\">\n\t\t\t\t<div class=\"elementor-widget-container\">\n\t\t\t\t\t\t\t\t\t<div class=\"elementor-button-wrapper\">\n\t\t\t\t\t<a class=\"elementor-button elementor-button-link elementor-size-sm elementor-animation-float\" href=\"https:\/\/www.gpigroup.eu\/index.php\/palettizzatori-a-strato\/\">\n\t\t\t\t\t\t<span class=\"elementor-button-content-wrapper\">\n\t\t\t\t\t\t\t\t\t<span class=\"elementor-button-text\">Scopri di Pi\u00f9<\/span>\n\t\t\t\t\t<\/span>\n\t\t\t\t\t<\/a>\n\t\t\t\t<\/div>\n\t\t\t\t\t\t\t\t<\/div>\n\t\t\t\t<\/div>\n\t\t\t\t<\/div>\n\t\t<div class=\"elementor-element elementor-element-385bcce e-con-full e-grid e-con e-child\" data-id=\"385bcce\" data-element_type=\"container\">\n\t\t\t\t<div class=\"elementor-element elementor-element-b0944fa elementor-widget__width-initial elementor-widget elementor-widget-text-editor\" data-id=\"b0944fa\" data-element_type=\"widget\" data-widget_type=\"text-editor.default\">\n\t\t\t\t<div class=\"elementor-widget-container\">\n\t\t\t\t\t\t\t\t\t<p><strong>PALLETTIZZATORI A STRATO<\/strong><\/p>\t\t\t\t\t\t\t\t<\/div>\n\t\t\t\t<\/div>\n\t\t\t\t<\/div>\n\t\t\t\t<\/div>\n\t\t\t\t<\/div>\n\t\t<div class=\"elementor-element elementor-element-9171fb2 e-con-full e-flex elementor-invisible e-con e-child\" data-id=\"9171fb2\" data-element_type=\"container\" data-settings=\"{&quot;background_background&quot;:&quot;classic&quot;,&quot;animation&quot;:&quot;fadeIn&quot;}\">\n\t\t<div class=\"elementor-element elementor-element-5cc7415 e-con-full e-flex e-con e-child\" data-id=\"5cc7415\" data-element_type=\"container\" data-settings=\"{&quot;background_background&quot;:&quot;classic&quot;}\">\n\t\t<div class=\"elementor-element elementor-element-d9a35cb e-con-full e-flex e-con e-child\" data-id=\"d9a35cb\" data-element_type=\"container\">\n\t\t\t\t<div class=\"elementor-element elementor-element-0526ab0 elementor-widget__width-initial elementor-align-right elementor-widget elementor-widget-button\" data-id=\"0526ab0\" data-element_type=\"widget\" data-widget_type=\"button.default\">\n\t\t\t\t<div class=\"elementor-widget-container\">\n\t\t\t\t\t\t\t\t\t<div class=\"elementor-button-wrapper\">\n\t\t\t\t\t<a class=\"elementor-button elementor-button-link elementor-size-sm elementor-animation-float\" href=\"https:\/\/www.gpigroup.eu\/index.php\/palettizzatori-robotizzati\/\">\n\t\t\t\t\t\t<span class=\"elementor-button-content-wrapper\">\n\t\t\t\t\t\t\t\t\t<span class=\"elementor-button-text\">Scopri di Pi\u00f9<\/span>\n\t\t\t\t\t<\/span>\n\t\t\t\t\t<\/a>\n\t\t\t\t<\/div>\n\t\t\t\t\t\t\t\t<\/div>\n\t\t\t\t<\/div>\n\t\t\t\t<\/div>\n\t\t<div class=\"elementor-element elementor-element-a02766f e-con-full e-grid e-con e-child\" data-id=\"a02766f\" data-element_type=\"container\">\n\t\t\t\t<div class=\"elementor-element elementor-element-f394aca elementor-widget__width-initial elementor-widget elementor-widget-text-editor\" data-id=\"f394aca\" data-element_type=\"widget\" data-widget_type=\"text-editor.default\">\n\t\t\t\t<div class=\"elementor-widget-container\">\n\t\t\t\t\t\t\t\t\t<p><strong>PALLETTIZZATORI ROBOTIZZATI<\/strong><\/p>\t\t\t\t\t\t\t\t<\/div>\n\t\t\t\t<\/div>\n\t\t\t\t<\/div>\n\t\t\t\t<\/div>\n\t\t\t\t<\/div>\n\t\t\t\t\t<\/div>\n\t\t\t\t<\/div>\n\t\t\t\t\t<\/div>\n\t\t\t\t<\/div>\n\t\t\t\t<\/div>\n\t\t","protected":false},"excerpt":{"rendered":"<p>Soluzioni GPI Pallettizzatori Le soluzioni automatiche di pallettizzazione GPI Ottimizza il tuo fine linea di pallettizzazione con le soluzioni GPI.\u00a0 Sistemi innovativi e altamente integrabili, progettati per rendere pi\u00f9 efficiente i tuoi processi di pallettizzazione e manipolazione.&#8221; Scopri di Pi\u00f9 PALLETTIZZATORI CARTESIANI Scopri di Pi\u00f9 PALLETTIZZATORI A STRATO Scopri di Pi\u00f9 PALLETTIZZATORI ROBOTIZZATI<\/p>\n","protected":false},"author":2,"featured_media":0,"parent":0,"menu_order":39,"comment_status":"closed","ping_status":"closed","template":"elementor_header_footer","meta":{"footnotes":""},"class_list":["post-2346","page","type-page","status-publish","hentry"],"_links":{"self":[{"href":"https:\/\/www.gpigroup.eu\/index.php\/wp-json\/wp\/v2\/pages\/2346","targetHints":{"allow":["GET"]}}],"collection":[{"href":"https:\/\/www.gpigroup.eu\/index.php\/wp-json\/wp\/v2\/pages"}],"about":[{"href":"https:\/\/www.gpigroup.eu\/index.php\/wp-json\/wp\/v2\/types\/page"}],"author":[{"embeddable":true,"href":"https:\/\/www.gpigroup.eu\/index.php\/wp-json\/wp\/v2\/users\/2"}],"replies":[{"embeddable":true,"href":"https:\/\/www.gpigroup.eu\/index.php\/wp-json\/wp\/v2\/comments?post=2346"}],"version-history":[{"count":6,"href":"https:\/\/www.gpigroup.eu\/index.php\/wp-json\/wp\/v2\/pages\/2346\/revisions"}],"predecessor-version":[{"id":17017,"href":"https:\/\/www.gpigroup.eu\/index.php\/wp-json\/wp\/v2\/pages\/2346\/revisions\/17017"}],"wp:attachment":[{"href":"https:\/\/www.gpigroup.eu\/index.php\/wp-json\/wp\/v2\/media?parent=2346"}],"curies":[{"name":"wp","href":"https:\/\/api.w.org\/{rel}","templated":true}]}}